{"id":149,"date":"2024-01-26T12:39:09","date_gmt":"2024-01-26T12:39:09","guid":{"rendered":"http:\/\/192.168.1.81\/sim\/?page_id=149"},"modified":"2025-04-01T15:58:32","modified_gmt":"2025-04-01T15:58:32","slug":"sobre","status":"publish","type":"page","link":"https:\/\/simconf.com\/2025\/pt\/sobre\/","title":{"rendered":"Sobre"},"content":{"rendered":"","protected":false},"excerpt":{"rendered":"<p>Uma confer\u00eancia criada para ligar empreendedores, startups e investidores nacionais e internacionais. Focada em gerar oportunidades de conex\u00e3o, atrav\u00e9s de conte\u00fado cuidadosamente selecionado, o SIM \u00e9 uma experi\u00eancia \u00fanica para fundadores e investidores estabelecerem liga\u00e7\u00f5es significativos.<\/p>\n","protected":false},"author":2,"featured_media":0,"parent":0,"menu_order":0,"comment_status":"closed","ping_status":"closed","template":"page-about.php","meta":{"_acf_changed":false,"footnotes":""},"class_list":["post-149","page","type-page","status-publish","hentry"],"acf":[],"lang":"pt","translations":{"pt":149,"en":6},"pll_sync_post":[],"_links":{"self":[{"href":"https:\/\/simconf.com\/2025\/wp-json\/wp\/v2\/pages\/149","targetHints":{"allow":["GET"]}}],"collection":[{"href":"https:\/\/simconf.com\/2025\/wp-json\/wp\/v2\/pages"}],"about":[{"href":"https:\/\/simconf.com\/2025\/wp-json\/wp\/v2\/types\/page"}],"author":[{"embeddable":true,"href":"https:\/\/simconf.com\/2025\/wp-json\/wp\/v2\/users\/2"}],"replies":[{"embeddable":true,"href":"https:\/\/simconf.com\/2025\/wp-json\/wp\/v2\/comments?post=149"}],"version-history":[{"count":26,"href":"https:\/\/simconf.com\/2025\/wp-json\/wp\/v2\/pages\/149\/revisions"}],"predecessor-version":[{"id":1423,"href":"https:\/\/simconf.com\/2025\/wp-json\/wp\/v2\/pages\/149\/revisions\/1423"}],"wp:attachment":[{"href":"https:\/\/simconf.com\/2025\/wp-json\/wp\/v2\/media?parent=149"}],"curies":[{"name":"wp","href":"https:\/\/api.w.org\/{rel}","templated":true}]}}